{"id":1309,"date":"2019-07-19T15:12:34","date_gmt":"2019-07-19T15:12:34","guid":{"rendered":"https:\/\/zero360.de\/impressum\/"},"modified":"2020-02-28T10:26:55","modified_gmt":"2020-02-28T10:26:55","slug":"imprint","status":"publish","type":"page","link":"https:\/\/zero360.de\/en\/imprint\/","title":{"rendered":"Imprint"},"content":{"rendered":"<!DOCTYPE html PUBLIC \"-\/\/W3C\/\/DTD HTML 4.0 Transitional\/\/EN\" \"http:\/\/www.w3.org\/TR\/REC-html40\/loose.dtd\">\n<?xml encoding=\"utf-8\" ?><html><body><h2 class=\"wp-block-heading\"><\/h2>\n\n\n\n<p>zero360 GmbH<br>Neue Gr&uuml;nstra&szlig;e 18<br>10179 Berlin<\/p>\n\n\n\n<p>Telefon: +49 30 58 58 314 0<\/p>\n\n\n\n<p>mail@zero360.de<br>zero360.de<\/p>\n\n\n\n<p><strong>Gesch&auml;ftsf&uuml;hrer:&nbsp;<\/strong>Dr. Shamim Rafat&nbsp;<\/p>\n\n\n\n<p><strong>Registergericht:<\/strong>&nbsp;Amtsgericht Berlin-Charlottenburg HRB 144538 B<\/p>\n\n\n\n<p><strong>Umsatzsteuer-Identifikationsnummer:&nbsp;<\/strong>DE 28 65 79 780<\/p>\n\n\n\n<p><strong>Inhaltlich verantwortlich gem&auml;&szlig; &sect; 10 Abs. 3 MDStV:&nbsp;<\/strong>Dr. Shamim Rafat&nbsp;<\/p>\n\n\n\n<p><\/p>\n\n\n\n<p><strong>Haftungshinweis<\/strong><br>Trotz sorgf&auml;ltiger inhaltlicher Kontrolle &uuml;bernehmen wir keine Haftung f&uuml;r die Inhalte externer Links. F&uuml;r den Inhalt der verlinkten Seiten sind ausschlie&szlig;lich deren Betreiber verantwortlich.<\/p>\n\n\n\n<p><strong>Hinweis zum Urheberschutz<\/strong><br>Die vorliegenden Inhalte des Internetauftritts der zero360 GmbH sind urheberrechtlich gesch&uuml;tzt. Alle Rechte sind vorbehalten. Mit Ausnahme der angebotenen Downloads zur Verwendung in der Originalfassung verst&ouml;&szlig;t die Verwendung der Texte, Abbildungen und sonstiger Materialien, auch auszugsweise, ohne die vorherige schriftliche Zustimmung der zero360 GmbH gegen die Bestimmungen des Urheberrechts und ist damit rechtswidrig. Dies gilt insbesondere auch f&uuml;r alle Verwertungsrechte wie die Vervielf&auml;ltigung, die &Uuml;bersetzung oder die Verwendung in elektronischen Systemen.<\/p>\n\n\n\n<p>F&uuml;r s&auml;mtliche auf dieser Website verwendeten eingetragenen Marken, Handelsnamen, Gebrauchsmuster und Logos gelten die entsprechenden gesetzlichen Bestimmungen, auch wenn diese an den jeweiligen Stellen nicht als solche gekennzeichnet sind.<\/p>\n\n\n\n<p><strong>Google Analytics &amp; Cookies<\/strong><br>Diese Website benutzt Google Analytics, einen Webanalysedienst der Google Inc. (&bdquo;Google&ldquo;). Google Analytics verwendet sog. &bdquo;Cookies&ldquo;, Textdateien, die auf Ihrem Computer gespeichert werden und die eine Analyse der Benutzung der Website durch Sie erm&ouml;glichen. Die durch Cookies erzeugten Informationen &uuml;ber Ihre Benutzung dieser Website werden in der Regel an einen Server von Google in den USA &uuml;bertragen und dort gespeichert. Im Falle der Aktivierung der IP-Anonymisierung auf dieser Webseite, wird Ihre IP-Adresse von Google jedoch innerhalb von Mitgliedstaaten der Europ&auml;ischen Union oder in anderen Vertragsstaaten des Abkommens &uuml;ber den Europ&auml;ischen Wirtschaftsraum zuvor gek&uuml;rzt. Nur in Ausnahmef&auml;llen wird die volle IP-Adresse an einen Server von Google in den USA &uuml;bertragen und dort gek&uuml;rzt. Im Auftrag des Betreibers dieser Website wird Google diese Informationen benutzen, um Ihre Nutzung der Website auszuwerten, um Reports &uuml;ber die Websiteaktivit&auml;ten zusammenzustellen und um weitere mit der Websitenutzung und der Internetnutzung verbundene Dienstleistungen gegen&uuml;ber dem Websitebetreiber zu erbringen. Die im Rahmen von Google Analytics von Ihrem Browser &uuml;bermittelte IP-Adresse wird nicht mit anderen Daten von Google zusammengef&uuml;hrt. Sie k&ouml;nnen die Speicherung der Cookies durch eine entsprechende Einstellung Ihrer Browser-Software verhindern; wir weisen Sie jedoch darauf hin, dass Sie in diesem Fall gegebenenfalls nicht s&auml;mtliche Funktionen dieser Website vollumf&auml;nglich werden nutzen k&ouml;nnen. Sie k&ouml;nnen dar&uuml;ber hinaus die Erfassung der durch das Cookie erzeugten und auf Ihre Nutzung der Website bezogenen Daten (inkl. Ihrer IP-Adresse) an Google sowie die Verarbeitung dieser Daten durch Google verhindern, indem sie das unter dem folgenden Link verf&uuml;gbare Browser-Plugin herunterladen und installieren.<\/p>\n\n\n\n<p><strong>Credits:<\/strong><br><strong>Creative Direction, Webdesign: <\/strong>Linda Kantchev&nbsp;<br><strong>Portrait und Teamfotos:<\/strong>&nbsp;<a href=\"https:\/\/david-haase.com\/\" target=\"_blank\" rel=\"noopener\">David Haase<\/a><br><strong>Technische Realisierung:<\/strong>&nbsp;<a href=\"http:\/\/web-designed.eu\/\" target=\"_blank\" rel=\"noopener\">Krzysztof Mianowski<\/a><\/p>\n\n\n\n<p><strong>Weitere Text, Bildinhalte und Grafiken:<\/strong> Foto Emanuel Towfigh: Latest Thinking\/Tristan Vostry. Foto Bettina Maisch:&nbsp;Andreas Hoernisch.<\/p>\n<\/body><\/html>\n","protected":false},"excerpt":{"rendered":"<p>zero360 GmbHNeue Gr&uuml;nstra&szlig;e 1810179 Berlin Telefon: +49 30 58 58 314 0 mail@zero360.dezero360.de Gesch&auml;ftsf&uuml;hrer:&nbsp;Dr. Shamim Rafat&nbsp; Registergericht:&nbsp;Amtsgericht Berlin-Charlottenburg HRB 144538 B Umsatzsteuer-Identifikationsnummer:&nbsp;DE 28 65 79 780 Inhaltlich verantwortlich gem&auml;&szlig; &sect; 10 Abs. 3 MDStV:&nbsp;Dr. Shamim Rafat&nbsp; HaftungshinweisTrotz sorgf&auml;ltiger inhaltlicher Kontrolle &uuml;bernehmen wir keine Haftung f&uuml;r die Inhalte externer Links. F&uuml;r den Inhalt der verlinkten Seiten [&hellip;]<\/p>\n","protected":false},"author":1,"featured_media":0,"parent":0,"menu_order":8,"comment_status":"closed","ping_status":"closed","template":"","meta":{"_acf_changed":false,"content-type":"","footnotes":""},"class_list":["post-1309","page","type-page","status-publish","hentry"],"acf":[],"yoast_head":"<!-- This site is optimized with the Yoast SEO plugin v27.3 - https:\/\/yoast.com\/product\/yoast-seo-wordpress\/ -->\n<title>Impressum \u2013 zero360.<\/title>\n<meta name=\"description\" content=\"Imprint: zero360 GmbH, Neue Gr\u00fcnstra\u00dfe 18, 10179 Berlin. Telefon: +49 30 58 58 314 0. Gesch\u00e4ftsf\u00fchrer: Dr. Shamim Rafat. Registergericht: Amtsgericht Berlin\" \/>\n<meta name=\"robots\" content=\"index, follow, max-snippet:-1, max-image-preview:large, max-video-preview:-1\" \/>\n<link rel=\"canonical\" href=\"https:\/\/zero360.de\/en\/imprint\/\" \/>\n<meta property=\"og:locale\" content=\"en_US\" \/>\n<meta property=\"og:type\" content=\"article\" \/>\n<meta property=\"og:title\" content=\"Impressum \u2013 zero360.\" \/>\n<meta property=\"og:description\" content=\"Imprint: zero360 GmbH, Neue Gr\u00fcnstra\u00dfe 18, 10179 Berlin. Telefon: +49 30 58 58 314 0. Gesch\u00e4ftsf\u00fchrer: Dr. Shamim Rafat. Registergericht: Amtsgericht Berlin\" \/>\n<meta property=\"og:url\" content=\"https:\/\/zero360.de\/en\/imprint\/\" \/>\n<meta property=\"og:site_name\" content=\"zero360.\" \/>\n<meta property=\"article:publisher\" content=\"https:\/\/www.facebook.com\/zero360.GmbH\/\" \/>\n<meta property=\"article:modified_time\" content=\"2020-02-28T10:26:55+00:00\" \/>\n<meta property=\"og:image\" content=\"https:\/\/zero360.de\/wp-content\/uploads\/2020\/02\/zero360_main_banner.png\" \/>\n\t<meta property=\"og:image:width\" content=\"1200\" \/>\n\t<meta property=\"og:image:height\" content=\"680\" \/>\n\t<meta property=\"og:image:type\" content=\"image\/png\" \/>\n<meta name=\"twitter:card\" content=\"summary_large_image\" \/>\n<meta name=\"twitter:site\" content=\"@zero360company\" \/>\n<meta name=\"twitter:label1\" content=\"Est. reading time\" \/>\n\t<meta name=\"twitter:data1\" content=\"2 minutes\" \/>\n<script type=\"application\/ld+json\" class=\"yoast-schema-graph\">{\"@context\":\"https:\\\/\\\/schema.org\",\"@graph\":[{\"@type\":\"WebPage\",\"@id\":\"https:\\\/\\\/zero360.de\\\/en\\\/imprint\\\/\",\"url\":\"https:\\\/\\\/zero360.de\\\/en\\\/imprint\\\/\",\"name\":\"Impressum \u2013 zero360.\",\"isPartOf\":{\"@id\":\"https:\\\/\\\/zero360.de\\\/en\\\/#website\"},\"datePublished\":\"2019-07-19T15:12:34+00:00\",\"dateModified\":\"2020-02-28T10:26:55+00:00\",\"description\":\"Imprint: zero360 GmbH, Neue Gr\u00fcnstra\u00dfe 18, 10179 Berlin. Telefon: +49 30 58 58 314 0. Gesch\u00e4ftsf\u00fchrer: Dr. Shamim Rafat. Registergericht: Amtsgericht Berlin\",\"breadcrumb\":{\"@id\":\"https:\\\/\\\/zero360.de\\\/en\\\/imprint\\\/#breadcrumb\"},\"inLanguage\":\"en-US\",\"potentialAction\":[{\"@type\":\"ReadAction\",\"target\":[\"https:\\\/\\\/zero360.de\\\/en\\\/imprint\\\/\"]}]},{\"@type\":\"BreadcrumbList\",\"@id\":\"https:\\\/\\\/zero360.de\\\/en\\\/imprint\\\/#breadcrumb\",\"itemListElement\":[{\"@type\":\"ListItem\",\"position\":1,\"name\":\"Home\",\"item\":\"https:\\\/\\\/zero360.de\\\/en\\\/\"},{\"@type\":\"ListItem\",\"position\":2,\"name\":\"Imprint\"}]},{\"@type\":\"WebSite\",\"@id\":\"https:\\\/\\\/zero360.de\\\/en\\\/#website\",\"url\":\"https:\\\/\\\/zero360.de\\\/en\\\/\",\"name\":\"zero360.\",\"description\":\"Wir gestalten Ver\u00e4nderung.\",\"publisher\":{\"@id\":\"https:\\\/\\\/zero360.de\\\/en\\\/#organization\"},\"potentialAction\":[{\"@type\":\"SearchAction\",\"target\":{\"@type\":\"EntryPoint\",\"urlTemplate\":\"https:\\\/\\\/zero360.de\\\/en\\\/?s={search_term_string}\"},\"query-input\":{\"@type\":\"PropertyValueSpecification\",\"valueRequired\":true,\"valueName\":\"search_term_string\"}}],\"inLanguage\":\"en-US\"},{\"@type\":\"Organization\",\"@id\":\"https:\\\/\\\/zero360.de\\\/en\\\/#organization\",\"name\":\"zero360\",\"url\":\"https:\\\/\\\/zero360.de\\\/en\\\/\",\"logo\":{\"@type\":\"ImageObject\",\"inLanguage\":\"en-US\",\"@id\":\"https:\\\/\\\/zero360.de\\\/en\\\/#\\\/schema\\\/logo\\\/image\\\/\",\"url\":\"https:\\\/\\\/zero360.de\\\/wp-content\\\/uploads\\\/2020\\\/02\\\/Artboard-1@2x.png\",\"contentUrl\":\"https:\\\/\\\/zero360.de\\\/wp-content\\\/uploads\\\/2020\\\/02\\\/Artboard-1@2x.png\",\"width\":2382,\"height\":806,\"caption\":\"zero360\"},\"image\":{\"@id\":\"https:\\\/\\\/zero360.de\\\/en\\\/#\\\/schema\\\/logo\\\/image\\\/\"},\"sameAs\":[\"https:\\\/\\\/www.facebook.com\\\/zero360.GmbH\\\/\",\"https:\\\/\\\/x.com\\\/zero360company\",\"https:\\\/\\\/www.linkedin.com\\\/company\\\/zero360-gmbh\\\/\"]}]}<\/script>\n<!-- \/ Yoast SEO plugin. -->","yoast_head_json":{"title":"Impressum \u2013 zero360.","description":"Imprint: zero360 GmbH, Neue Gr\u00fcnstra\u00dfe 18, 10179 Berlin. Telefon: +49 30 58 58 314 0. Gesch\u00e4ftsf\u00fchrer: Dr. Shamim Rafat. Registergericht: Amtsgericht Berlin","robots":{"index":"index","follow":"follow","max-snippet":"max-snippet:-1","max-image-preview":"max-image-preview:large","max-video-preview":"max-video-preview:-1"},"canonical":"https:\/\/zero360.de\/en\/imprint\/","og_locale":"en_US","og_type":"article","og_title":"Impressum \u2013 zero360.","og_description":"Imprint: zero360 GmbH, Neue Gr\u00fcnstra\u00dfe 18, 10179 Berlin. Telefon: +49 30 58 58 314 0. Gesch\u00e4ftsf\u00fchrer: Dr. Shamim Rafat. Registergericht: Amtsgericht Berlin","og_url":"https:\/\/zero360.de\/en\/imprint\/","og_site_name":"zero360.","article_publisher":"https:\/\/www.facebook.com\/zero360.GmbH\/","article_modified_time":"2020-02-28T10:26:55+00:00","og_image":[{"width":1200,"height":680,"url":"https:\/\/zero360.de\/wp-content\/uploads\/2020\/02\/zero360_main_banner.png","type":"image\/png"}],"twitter_card":"summary_large_image","twitter_site":"@zero360company","twitter_misc":{"Est. reading time":"2 minutes"},"schema":{"@context":"https:\/\/schema.org","@graph":[{"@type":"WebPage","@id":"https:\/\/zero360.de\/en\/imprint\/","url":"https:\/\/zero360.de\/en\/imprint\/","name":"Impressum \u2013 zero360.","isPartOf":{"@id":"https:\/\/zero360.de\/en\/#website"},"datePublished":"2019-07-19T15:12:34+00:00","dateModified":"2020-02-28T10:26:55+00:00","description":"Imprint: zero360 GmbH, Neue Gr\u00fcnstra\u00dfe 18, 10179 Berlin. Telefon: +49 30 58 58 314 0. Gesch\u00e4ftsf\u00fchrer: Dr. Shamim Rafat. Registergericht: Amtsgericht Berlin","breadcrumb":{"@id":"https:\/\/zero360.de\/en\/imprint\/#breadcrumb"},"inLanguage":"en-US","potentialAction":[{"@type":"ReadAction","target":["https:\/\/zero360.de\/en\/imprint\/"]}]},{"@type":"BreadcrumbList","@id":"https:\/\/zero360.de\/en\/imprint\/#breadcrumb","itemListElement":[{"@type":"ListItem","position":1,"name":"Home","item":"https:\/\/zero360.de\/en\/"},{"@type":"ListItem","position":2,"name":"Imprint"}]},{"@type":"WebSite","@id":"https:\/\/zero360.de\/en\/#website","url":"https:\/\/zero360.de\/en\/","name":"zero360.","description":"Wir gestalten Ver\u00e4nderung.","publisher":{"@id":"https:\/\/zero360.de\/en\/#organization"},"potentialAction":[{"@type":"SearchAction","target":{"@type":"EntryPoint","urlTemplate":"https:\/\/zero360.de\/en\/?s={search_term_string}"},"query-input":{"@type":"PropertyValueSpecification","valueRequired":true,"valueName":"search_term_string"}}],"inLanguage":"en-US"},{"@type":"Organization","@id":"https:\/\/zero360.de\/en\/#organization","name":"zero360","url":"https:\/\/zero360.de\/en\/","logo":{"@type":"ImageObject","inLanguage":"en-US","@id":"https:\/\/zero360.de\/en\/#\/schema\/logo\/image\/","url":"https:\/\/zero360.de\/wp-content\/uploads\/2020\/02\/Artboard-1@2x.png","contentUrl":"https:\/\/zero360.de\/wp-content\/uploads\/2020\/02\/Artboard-1@2x.png","width":2382,"height":806,"caption":"zero360"},"image":{"@id":"https:\/\/zero360.de\/en\/#\/schema\/logo\/image\/"},"sameAs":["https:\/\/www.facebook.com\/zero360.GmbH\/","https:\/\/x.com\/zero360company","https:\/\/www.linkedin.com\/company\/zero360-gmbh\/"]}]}},"_links":{"self":[{"href":"https:\/\/zero360.de\/en\/wp-json\/wp\/v2\/pages\/1309","targetHints":{"allow":["GET"]}}],"collection":[{"href":"https:\/\/zero360.de\/en\/wp-json\/wp\/v2\/pages"}],"about":[{"href":"https:\/\/zero360.de\/en\/wp-json\/wp\/v2\/types\/page"}],"author":[{"embeddable":true,"href":"https:\/\/zero360.de\/en\/wp-json\/wp\/v2\/users\/1"}],"replies":[{"embeddable":true,"href":"https:\/\/zero360.de\/en\/wp-json\/wp\/v2\/comments?post=1309"}],"version-history":[{"count":6,"href":"https:\/\/zero360.de\/en\/wp-json\/wp\/v2\/pages\/1309\/revisions"}],"predecessor-version":[{"id":2894,"href":"https:\/\/zero360.de\/en\/wp-json\/wp\/v2\/pages\/1309\/revisions\/2894"}],"wp:attachment":[{"href":"https:\/\/zero360.de\/en\/wp-json\/wp\/v2\/media?parent=1309"}],"curies":[{"name":"wp","href":"https:\/\/api.w.org\/{rel}","templated":true}]}}